{"id":507,"date":"2021-09-30T15:25:05","date_gmt":"2021-09-30T13:25:05","guid":{"rendered":"https:\/\/www.assotecnoservice.com\/home\/"},"modified":"2023-02-21T14:57:41","modified_gmt":"2023-02-21T13:57:41","slug":"home","status":"publish","type":"page","link":"https:\/\/www.assotecnoservice.com\/de\/","title":{"rendered":"Home"},"content":{"rendered":"<section id=\"customlink_block-block_04181e40c3d0b6e177223e792447b3f4\" class=\"block_video_banner fadeOnScreen\">\n<div class=\"inner_wrp\">\n    <iframe class=\"hide_mob\" src=\"https:\/\/www.youtube.com\/embed\/6L3c2LAocOM?version=3&#038;modestbranding=0&#038;controls=0&#038;cc_load_policy=0&#038;autoplay=1&#038;mute=1&#038;rel=0&#038;playsinline=0&#038;loop=1&#038;playlist=6L3c2LAocOM\"><\/iframe>\n<\/div>\n            <img decoding=\"async\" src=\"https:\/\/www.assotecnoservice.com\/wp-content\/uploads\/2023\/02\/de.jpg\" alt=\"\" class=\"background-image hide_desk\" \/>\n    <div class=\"container video_caption_wrp\" >\n        <div class=\"row\">\n                          <h1>Die Einhaltung der<strong>K\u00fchlkette<\/strong><br\/>ist f\u00fcr die <strong>Lebensmittelsicherheit<\/strong><br\/>von grundlegender Bedeutung.<\/h1>                    <\/div>      \n    <\/div>\n<\/section>\n\n\n<section id=\"customlink_block-block_aedc43a60028156017251e1e50932a11\" class=\" block_banner_testuale fadeOnScreen  block_margin_top  \" style=\" background-color:#002551;    max-width:1140px;; margin-left: auto; margin-right: auto;\">\n        <div class=\"container  \" >\n        <div class=\"row  titolo_e_testo_affiancato \"> \n            <div class=\"col col-sm-12 cat_wrp\">\n                               <small>\u00dcBER UNS<\/small>\n                            \n            <\/div>\n        <div class=\"text_wrp_title col col-md-6 col-sm-12\" style=\" color:#ffffff; \">\n                                   <h2>Asso Tecno Service<br\/>ATP-Pr\u00fcfstelle f\u00fcr Zertifikate mit<br\/>einer G\u00fcltigkeitsdauer<br\/>von 6 Jahren<\/h2>\n                            <\/div>\n            <div class=\"text_wrp col col-md-6 col-sm-12\" style=\" color:#ffffff; \">\n                                   <p>Asso Tecno Service f\u00fchrt in hochtechnologischen isothermen Tunneln Pr\u00fcfungen an Fahrzeugen durch, die f\u00fcr den Transport leicht verderblicher Lebensmittel unter ATP-Bedingungen eingesetzt werden: Das Unternehmen \u00fcberpr\u00fcft den W\u00e4rme\u00fcbergangskoeffizienten (k-Wert) der K\u00fchlzelle und \u00fcberwacht gleichzeitig das gesamte Verfahren in Echtzeit.<\/p>\n                            <\/div>\n                            <div class=\"btn_wrp col col-md-12 col-sm-12\">\n                    <button class=\"standard_btn_full\"><a href=\"https:\/\/www.assotecnoservice.com\/de\/uber-uns\">Mehr erfahren<\/a><\/button>\n                <\/div>\n                    <\/div>      \n    <\/div>\n<\/section>\n\n\n<section id=\"customlink_block-block_3aadf7b9c7d205bd690296600e689484\" class=\" block_banner_testo_e_immagini_affiancate fadeOnScreen  block_margin_top  \" style=\" background-color:#fafafa; \">\n    <div class=\"container-fluid\">\n        <div class=\"row Immagine_testo\">\n            <div class=\"text_wrp col col-md-6 col-sm-12\">\n                              <h2> Dienstleistungen<\/h2>\n                                                   <p>Asso Tecno Service pr\u00fcft Fahrzeuge, die f\u00fcr den Transport leicht verderblicher Lebensmittel eingesetzt werden, auf ihre K\u00fchlleistung. In speziellen isothermen Tunneln der neuesten Generation f\u00fchren wir ATP-Pr\u00fcfungen mit einer G\u00fcltigkeitsdauer von 6 Jahren in \u00dcbereinstimmung mit den internationalen ATP-Bestimmungen (Accord relatif aux transports internationaux de denr\u00e9es p\u00e9rissables et aux engins sp\u00e9ciaux \u00e0 utiliser pour ces transports) durch.<\/p>\n                                                    <button class=\"standard_btn_full\"><a href=\"https:\/\/www.assotecnoservice.com\/de\/dienstleistungen\">Mehr erfahren<\/a><\/button>\n                            <\/div>\n            <div class=\"img_wrp col col-md-6 col-sm-12 zero_padding_left\">\n                                <img decoding=\"async\" src=\"https:\/\/www.assotecnoservice.com\/wp-content\/uploads\/2021\/10\/Servizi-scaled.jpg\" alt=\"\" \/>\n                            <\/div>\n        <\/div>      \n    <\/div>\n<\/section>\n\n\n\n\n\n<section id=\"customlink_block-block_957e71d94be40f33d1d928d4bd616a63\" class=\" block_banner_testuale fadeOnScreen  \" style=\" background-color:#002551;   \">\n        <div class=\"container  \" >\n        <div class=\"row   titolo_e_testo_non_affiancato \"> \n            <div class=\"col col-sm-12 cat_wrp\">\n                        \n            <\/div>\n        <div class=\"text_wrp_title col col-md-6 col-sm-12\" style=\" color:#ffffff; \">\n                            <\/div>\n            <div class=\"text_wrp col col-md-6 col-sm-12\" style=\" color:#ffffff; \">\n                                   <h3 style=\"text-align: center;\">Zusammenkommen ist ein Beginn, Zusammenbleiben<br \/>\nist ein Fortschritt, Zusammenarbeiten ist ein Erfolg<\/h3>\n<p>&nbsp;<\/p>\n<p style=\"text-align: center;\"><span style=\"color: #4b8cb8;\"><small>HENRY FORD<\/small><\/span><\/p>\n                            <\/div>\n                    <\/div>      \n    <\/div>\n<\/section>\n\n\n<section id=\"customlink_block-block_2763fad5335526d8b0a57c6840a0484d\" class=\" block_banner_testo_e_immagini_affiancate fadeOnScreen   block_margin_bottom \" style=\" background-color:#fafafa; \">\n    <div class=\"container-fluid\">\n        <div class=\"row testo_immagine\">\n            <div class=\"text_wrp col col-md-6 col-sm-12\">\n                              <h2> Unsere Methode<\/h2>\n                                                   <p>Von der ersten Kontaktaufnahme an optimieren wir die f\u00fcr die ATP-Pr\u00fcfung erforderlichen Anmelde- und Durchf\u00fchrzeiten. Kunden stehen bei uns an erster Stelle: Unser 24-Stunden-Service steht Ihnen 7 Tage die Woche zur Verf\u00fcgung.<\/p>\n                                                    <button class=\"standard_btn_full\"><a href=\"https:\/\/www.assotecnoservice.com\/de\/kontakt\">Mehr erfahren<\/a><\/button>\n                            <\/div>\n            <div class=\"img_wrp col col-md-6 col-sm-12 zero_padding_left\">\n                                <img decoding=\"async\" src=\"https:\/\/www.assotecnoservice.com\/wp-content\/uploads\/2021\/10\/Metodo_home.jpg\" alt=\"\" \/>\n                            <\/div>\n        <\/div>      \n    <\/div>\n<\/section>\n\n\n\n\n\n<div class=\"wpcf7 no-js\" id=\"wpcf7-f524-o1\" lang=\"de-DE\" dir=\"ltr\" data-wpcf7-id=\"524\">\n<div class=\"screen-reader-response\"><p role=\"status\" aria-live=\"polite\" aria-atomic=\"true\"><\/p> <ul><\/ul><\/div>\n<form action=\"\/de\/wp-json\/wp\/v2\/pages\/507#wpcf7-f524-o1\" method=\"post\" class=\"wpcf7-form init\" aria-label=\"Kontaktformular\" enctype=\"multipart\/form-data\" novalidate=\"novalidate\" data-status=\"init\">\n<fieldset class=\"hidden-fields-container\"><input type=\"hidden\" name=\"_wpcf7\" value=\"524\" \/><input type=\"hidden\" name=\"_wpcf7_version\" value=\"6.1.5\" \/><input type=\"hidden\" name=\"_wpcf7_locale\" value=\"de_DE\" \/><input type=\"hidden\" name=\"_wpcf7_unit_tag\" value=\"wpcf7-f524-o1\" \/><input type=\"hidden\" name=\"_wpcf7_container_post\" value=\"0\" \/><input type=\"hidden\" name=\"_wpcf7_posted_data_hash\" value=\"\" \/>\n<\/fieldset>\n<div class=\"container\">\n\t<div class=\"row\">\n\t\t<div class=\"col col-md-12 col-sm-12\">\n\t\t\t<h2 class=\"conts_title_banner\">Fordern Sie ein Angebot an\n\t\t\t<\/h2>\n\t\t<\/div>\n\t\t<div class=\"col col-md-4 col-sm-12\">\n\t\t\t<p><span class=\"wpcf7-form-control-wrap\" data-name=\"nome\"><input size=\"40\" maxlength=\"400\" class=\"wpcf7-form-control wpcf7-text\" aria-invalid=\"false\" placeholder=\"Name*\" value=\"\" type=\"text\" name=\"nome\" \/><\/span>\n\t\t\t<\/p>\n\t\t<\/div>\n\t\t<div class=\"col col-md-4 col-sm-12\">\n\t\t\t<p><span class=\"wpcf7-form-control-wrap\" data-name=\"Cognome\"><input size=\"40\" maxlength=\"400\" class=\"wpcf7-form-control wpcf7-text\" aria-invalid=\"false\" placeholder=\"Nachname*\" value=\"\" type=\"text\" name=\"Cognome\" \/><\/span>\n\t\t\t<\/p>\n\t\t<\/div>\n\t\t<div class=\"col col-md-4 col-sm-12\">\n\t\t\t<p><span class=\"wpcf7-form-control-wrap\" data-name=\"Azienda\"><input size=\"40\" maxlength=\"400\" class=\"wpcf7-form-control wpcf7-text\" aria-invalid=\"false\" placeholder=\"Unternehmen*\" value=\"\" type=\"text\" name=\"Azienda\" \/><\/span>\n\t\t\t<\/p>\n\t\t<\/div>\n\t<\/div>\n\t<div class=\"row\">\n\t\t<div class=\"col col-md-4 col-sm-12\">\n\t\t\t<p><span class=\"wpcf7-form-control-wrap\" data-name=\"Telefono\"><input size=\"40\" maxlength=\"400\" class=\"wpcf7-form-control wpcf7-tel wpcf7-text wpcf7-validates-as-tel\" aria-invalid=\"false\" placeholder=\"Telefonnummer*\" value=\"\" type=\"tel\" name=\"Telefono\" \/><\/span>\n\t\t\t<\/p>\n\t\t<\/div>\n\t\t<div class=\"col col-md-8 col-sm-12\">\n\t\t\t<p><span class=\"wpcf7-form-control-wrap\" data-name=\"email\"><input size=\"40\" maxlength=\"400\" class=\"wpcf7-form-control wpcf7-email wpcf7-text wpcf7-validates-as-email\" aria-invalid=\"false\" placeholder=\"E-Mail*\" value=\"\" type=\"email\" name=\"email\" \/><\/span>\n\t\t\t<\/p>\n\t\t<\/div>\n\t<\/div>\n\t<div class=\"row\">\n\t\t<div class=\"col col-md-4 col-sm-12\">\n\t\t\t<p><label>Kfz-Kennzeichen* <span class=\"wpcf7-form-control-wrap\" data-name=\"Numeroditarga\"><input size=\"40\" class=\"wpcf7-form-control wpcf7-file wpcf7-validates-as-required\" accept=\"audio\/*,video\/*,image\/*\" aria-required=\"true\" aria-invalid=\"false\" type=\"file\" name=\"Numeroditarga\" \/><\/span><\/label>\n\t\t\t<\/p>\n\t\t<\/div>\n\t\t<div class=\"col col-md-4 col-sm-12\">\n\t\t\t<p><label>Scan des aktuellen ATP-Zertifikats* <span class=\"wpcf7-form-control-wrap\" data-name=\"ScansioneAT\"><input size=\"40\" class=\"wpcf7-form-control wpcf7-file wpcf7-validates-as-required\" accept=\"audio\/*,video\/*,image\/*\" aria-required=\"true\" aria-invalid=\"false\" type=\"file\" name=\"ScansioneAT\" \/><\/span> <\/label>\n\t\t\t<\/p>\n\t\t<\/div>\n\t\t<div class=\"col col-md-4 col-sm-12\">\n\t\t\t<p><label>Zulassungsbescheinigung* <span class=\"wpcf7-form-control-wrap\" data-name=\"Librettodicircolazione\"><input size=\"40\" class=\"wpcf7-form-control wpcf7-file wpcf7-validates-as-required\" accept=\"audio\/*,video\/*,image\/*\" aria-required=\"true\" aria-invalid=\"false\" type=\"file\" name=\"Librettodicircolazione\" \/><\/span> <\/label>\n\t\t\t<\/p>\n\t\t<\/div>\n\t<\/div>\n\t<div class=\"row\">\n\t\t<div class=\"col col-sm-12\">\n\t\t\t<p><span class=\"wpcf7-form-control-wrap\" data-name=\"messaggio\"><textarea cols=\"40\" rows=\"10\" maxlength=\"2000\" class=\"wpcf7-form-control wpcf7-textarea\" aria-invalid=\"false\" placeholder=\"Nachricht\" name=\"messaggio\"><\/textarea><\/span>\n\t\t\t<\/p>\n\t\t<\/div>\n\t<\/div>\n\t<div class=\"row\">\n\t\t<div class=\"col col-sm-12 col-md-8 acceptance_wrp\">\n\t\t\t<p><span class=\"wpcf7-form-control-wrap\" data-name=\"privacy\"><span class=\"wpcf7-form-control wpcf7-acceptance\"><span class=\"wpcf7-list-item\"><input type=\"checkbox\" name=\"privacy\" value=\"1\" aria-invalid=\"false\" \/><\/span><\/span><\/span> Ich habe die <a style=\"margin-bottom: -10px;\" href=\"https:\/\/www.assotecnoservice.com\/wp-content\/uploads\/2023\/02\/privacy_policy_assotecnoservice_eng.pdf\" class=\"iubenda-white no-brand iubenda-noiframe  iubenda-noiframe iubenda-nostyle standard_link\" title=\"Privacy Policy \" target=\"_blank\"> Datenschutzerkl\u00e4rung gelesen und akzeptiere diese<\/a>\n\t\t\t<\/p>\n\n<!--<script type=\"text\/javascript\">(function (w,d) {var loader = function () {var s = d.createElement(\"script\"), tag = d.getElementsByTagName(\"script\")[0]; s.src=\"https:\/\/cdn.iubenda.com\/iubenda.js\"; tag.parentNode.insertBefore(s,tag);}; if(w.addEventListener){w.addEventListener(\"load\", loader, false);}else if(w.attachEvent){w.attachEvent(\"onload\", loader);}else{w.onload = loader;}})(window, document);<\/script>-->\n\t\t<\/div>\n\t\t<div class=\"col col-sm-12 col-md-8 acceptance_wrp\">\n\t\t\t<p><span class=\"wpcf7-form-control-wrap\" data-name=\"cookie\"><span class=\"wpcf7-form-control wpcf7-acceptance\"><span class=\"wpcf7-list-item\"><input type=\"checkbox\" name=\"cookie\" value=\"1\" aria-invalid=\"false\" \/><\/span><\/span><\/span> ch stimme der <a style=\"margin-bottom: -10px;\" href=\"https:\/\/www.assotecnoservice.com\/cookie-policy\/\" class=\"iubenda-white no-brand iubenda-noiframe iubenda-embed iubenda-noiframe iubenda-nostyle standard_link\" title=\"Cookie Policy \">Verarbeitung meiner personenbezogenen Daten zu<\/a>\n\t\t\t<\/p>\n\n<!--<script type=\"text\/javascript\">(function (w,d) {var loader = function () {var s = d.createElement(\"script\"), tag = d.getElementsByTagName(\"script\")[0]; s.src=\"https:\/\/cdn.iubenda.com\/iubenda.js\"; tag.parentNode.insertBefore(s,tag);}; if(w.addEventListener){w.addEventListener(\"load\", loader, false);}else if(w.attachEvent){w.attachEvent(\"onload\", loader);}else{w.onload = loader;}})(window, document);<\/script>-->\n\t\t<\/div>\n\t\t<div class=\"col col-sm-12 col-md-4\">\n\t\t\t<p><input class=\"wpcf7-form-control wpcf7-submit has-spinner\" type=\"submit\" value=\"Senden\" \/>\n\t\t\t<\/p>\n\t\t<\/div>\n\t<\/div>\n<\/div><p style=\"display: none !important;\" class=\"akismet-fields-container\" data-prefix=\"_wpcf7_ak_\"><label>&#916;<textarea name=\"_wpcf7_ak_hp_textarea\" cols=\"45\" rows=\"8\" maxlength=\"100\"><\/textarea><\/label><input type=\"hidden\" id=\"ak_js_1\" name=\"_wpcf7_ak_js\" value=\"213\"\/><script>document.getElementById( \"ak_js_1\" ).setAttribute( \"value\", ( new Date() ).getTime() );<\/script><\/p><div class=\"wpcf7-response-output\" aria-hidden=\"true\"><\/div>\n<\/form>\n<\/div>\n\n\n\n\n<p><\/p>\n","protected":false},"excerpt":{"rendered":"","protected":false},"author":1,"featured_media":0,"parent":0,"menu_order":0,"comment_status":"closed","ping_status":"closed","template":"","meta":{"_acf_changed":false,"inline_featured_image":false,"footnotes":""},"class_list":["post-507","page","type-page","status-publish","hentry"],"acf":[],"yoast_head":"<!-- This site is optimized with the Yoast SEO plugin v27.0 - https:\/\/yoast.com\/product\/yoast-seo-wordpress\/ -->\n<title>Collaudi e Rinnovi ATP Certificati - Asso Tecno Service<\/title>\n<meta name=\"description\" content=\"Asso Tecno Service \u00e8 da 30 anni leader nel settore di collaudi e rinnovi ATP certificati su mezzi per il trasporto di derrate deteriorabili.\" \/>\n<meta name=\"robots\" content=\"index, follow, max-snippet:-1, max-image-preview:large, max-video-preview:-1\" \/>\n<link rel=\"canonical\" href=\"https:\/\/www.assotecnoservice.com\/de\/\" \/>\n<meta property=\"og:locale\" content=\"de_DE\" \/>\n<meta property=\"og:type\" content=\"article\" \/>\n<meta property=\"og:title\" content=\"Asso Tecno Service\" \/>\n<meta property=\"og:description\" content=\"Asso Tecno Service \u00e8 da 30 anni leader nel settore di collaudi e rinnovi ATP certificati su mezzi per il trasporto di derrate deteriorabili.\" \/>\n<meta property=\"og:url\" content=\"https:\/\/www.assotecnoservice.com\/de\/\" \/>\n<meta property=\"og:site_name\" content=\"Asso Tecno Service\" \/>\n<meta property=\"article:modified_time\" content=\"2023-02-21T13:57:41+00:00\" \/>\n<meta property=\"og:image\" content=\"https:\/\/www.assotecnoservice.com\/wp-content\/uploads\/2021\/10\/AssoTecnoService_logo_200x200.jpg\" \/>\n\t<meta property=\"og:image:width\" content=\"200\" \/>\n\t<meta property=\"og:image:height\" content=\"200\" \/>\n\t<meta property=\"og:image:type\" content=\"image\/jpeg\" \/>\n<meta name=\"twitter:card\" content=\"summary_large_image\" \/>\n<meta name=\"twitter:title\" content=\"Asso Tecno Service\" \/>\n<meta name=\"twitter:description\" content=\"Asso Tecno Service \u00e8 da 30 anni leader nel settore di collaudi e rinnovi ATP certificati su mezzi per il trasporto di derrate deteriorabili.\" \/>\n<meta name=\"twitter:image\" content=\"https:\/\/www.assotecnoservice.com\/wp-content\/uploads\/2021\/10\/AssoTecnoService_logo_200x200.jpg\" \/>\n<meta name=\"twitter:label1\" content=\"Gesch\u00e4tzte Lesezeit\" \/>\n\t<meta name=\"twitter:data1\" content=\"1\u00a0Minute\" \/>\n<script type=\"application\/ld+json\" class=\"yoast-schema-graph\">{\"@context\":\"https:\/\/schema.org\",\"@graph\":[{\"@type\":\"WebPage\",\"@id\":\"https:\/\/www.assotecnoservice.com\/de\/\",\"url\":\"https:\/\/www.assotecnoservice.com\/de\/\",\"name\":\"Collaudi e Rinnovi ATP Certificati - Asso Tecno Service\",\"isPartOf\":{\"@id\":\"https:\/\/www.assotecnoservice.com\/de\/#website\"},\"datePublished\":\"2021-09-30T13:25:05+00:00\",\"dateModified\":\"2023-02-21T13:57:41+00:00\",\"description\":\"Asso Tecno Service \u00e8 da 30 anni leader nel settore di collaudi e rinnovi ATP certificati su mezzi per il trasporto di derrate deteriorabili.\",\"breadcrumb\":{\"@id\":\"https:\/\/www.assotecnoservice.com\/de\/#breadcrumb\"},\"inLanguage\":\"de\",\"potentialAction\":[{\"@type\":\"ReadAction\",\"target\":[\"https:\/\/www.assotecnoservice.com\/de\/\"]}]},{\"@type\":\"BreadcrumbList\",\"@id\":\"https:\/\/www.assotecnoservice.com\/de\/#breadcrumb\",\"itemListElement\":[{\"@type\":\"ListItem\",\"position\":1,\"name\":\"Home\",\"item\":\"https:\/\/www.assotecnoservice.com\/de\/\"},{\"@type\":\"ListItem\",\"position\":2,\"name\":\"Home\"}]},{\"@type\":\"WebSite\",\"@id\":\"https:\/\/www.assotecnoservice.com\/de\/#website\",\"url\":\"https:\/\/www.assotecnoservice.com\/de\/\",\"name\":\"Asso Tecno Service\",\"description\":\"Collaudi e Rinnovi ATP Certificati\",\"publisher\":{\"@id\":\"https:\/\/www.assotecnoservice.com\/de\/#organization\"},\"potentialAction\":[{\"@type\":\"SearchAction\",\"target\":{\"@type\":\"EntryPoint\",\"urlTemplate\":\"https:\/\/www.assotecnoservice.com\/de\/?s={search_term_string}\"},\"query-input\":{\"@type\":\"PropertyValueSpecification\",\"valueRequired\":true,\"valueName\":\"search_term_string\"}}],\"inLanguage\":\"de\"},{\"@type\":\"Organization\",\"@id\":\"https:\/\/www.assotecnoservice.com\/de\/#organization\",\"name\":\"Asso Tecno Service\",\"url\":\"https:\/\/www.assotecnoservice.com\/de\/\",\"logo\":{\"@type\":\"ImageObject\",\"inLanguage\":\"de\",\"@id\":\"https:\/\/www.assotecnoservice.com\/de\/#\/schema\/logo\/image\/\",\"url\":\"https:\/\/www.assotecnoservice.com\/wp-content\/uploads\/2021\/10\/AssoTecnoService_logo_200x200.jpg\",\"contentUrl\":\"https:\/\/www.assotecnoservice.com\/wp-content\/uploads\/2021\/10\/AssoTecnoService_logo_200x200.jpg\",\"width\":200,\"height\":200,\"caption\":\"Asso Tecno Service\"},\"image\":{\"@id\":\"https:\/\/www.assotecnoservice.com\/de\/#\/schema\/logo\/image\/\"}}]}<\/script>\n<!-- \/ Yoast SEO plugin. -->","yoast_head_json":{"title":"Collaudi e Rinnovi ATP Certificati - Asso Tecno Service","description":"Asso Tecno Service \u00e8 da 30 anni leader nel settore di collaudi e rinnovi ATP certificati su mezzi per il trasporto di derrate deteriorabili.","robots":{"index":"index","follow":"follow","max-snippet":"max-snippet:-1","max-image-preview":"max-image-preview:large","max-video-preview":"max-video-preview:-1"},"canonical":"https:\/\/www.assotecnoservice.com\/de\/","og_locale":"de_DE","og_type":"article","og_title":"Asso Tecno Service","og_description":"Asso Tecno Service \u00e8 da 30 anni leader nel settore di collaudi e rinnovi ATP certificati su mezzi per il trasporto di derrate deteriorabili.","og_url":"https:\/\/www.assotecnoservice.com\/de\/","og_site_name":"Asso Tecno Service","article_modified_time":"2023-02-21T13:57:41+00:00","og_image":[{"width":200,"height":200,"url":"https:\/\/www.assotecnoservice.com\/wp-content\/uploads\/2021\/10\/AssoTecnoService_logo_200x200.jpg","type":"image\/jpeg"}],"twitter_card":"summary_large_image","twitter_title":"Asso Tecno Service","twitter_description":"Asso Tecno Service \u00e8 da 30 anni leader nel settore di collaudi e rinnovi ATP certificati su mezzi per il trasporto di derrate deteriorabili.","twitter_image":"https:\/\/www.assotecnoservice.com\/wp-content\/uploads\/2021\/10\/AssoTecnoService_logo_200x200.jpg","twitter_misc":{"Gesch\u00e4tzte Lesezeit":"1\u00a0Minute"},"schema":{"@context":"https:\/\/schema.org","@graph":[{"@type":"WebPage","@id":"https:\/\/www.assotecnoservice.com\/de\/","url":"https:\/\/www.assotecnoservice.com\/de\/","name":"Collaudi e Rinnovi ATP Certificati - Asso Tecno Service","isPartOf":{"@id":"https:\/\/www.assotecnoservice.com\/de\/#website"},"datePublished":"2021-09-30T13:25:05+00:00","dateModified":"2023-02-21T13:57:41+00:00","description":"Asso Tecno Service \u00e8 da 30 anni leader nel settore di collaudi e rinnovi ATP certificati su mezzi per il trasporto di derrate deteriorabili.","breadcrumb":{"@id":"https:\/\/www.assotecnoservice.com\/de\/#breadcrumb"},"inLanguage":"de","potentialAction":[{"@type":"ReadAction","target":["https:\/\/www.assotecnoservice.com\/de\/"]}]},{"@type":"BreadcrumbList","@id":"https:\/\/www.assotecnoservice.com\/de\/#breadcrumb","itemListElement":[{"@type":"ListItem","position":1,"name":"Home","item":"https:\/\/www.assotecnoservice.com\/de\/"},{"@type":"ListItem","position":2,"name":"Home"}]},{"@type":"WebSite","@id":"https:\/\/www.assotecnoservice.com\/de\/#website","url":"https:\/\/www.assotecnoservice.com\/de\/","name":"Asso Tecno Service","description":"Collaudi e Rinnovi ATP Certificati","publisher":{"@id":"https:\/\/www.assotecnoservice.com\/de\/#organization"},"potentialAction":[{"@type":"SearchAction","target":{"@type":"EntryPoint","urlTemplate":"https:\/\/www.assotecnoservice.com\/de\/?s={search_term_string}"},"query-input":{"@type":"PropertyValueSpecification","valueRequired":true,"valueName":"search_term_string"}}],"inLanguage":"de"},{"@type":"Organization","@id":"https:\/\/www.assotecnoservice.com\/de\/#organization","name":"Asso Tecno Service","url":"https:\/\/www.assotecnoservice.com\/de\/","logo":{"@type":"ImageObject","inLanguage":"de","@id":"https:\/\/www.assotecnoservice.com\/de\/#\/schema\/logo\/image\/","url":"https:\/\/www.assotecnoservice.com\/wp-content\/uploads\/2021\/10\/AssoTecnoService_logo_200x200.jpg","contentUrl":"https:\/\/www.assotecnoservice.com\/wp-content\/uploads\/2021\/10\/AssoTecnoService_logo_200x200.jpg","width":200,"height":200,"caption":"Asso Tecno Service"},"image":{"@id":"https:\/\/www.assotecnoservice.com\/de\/#\/schema\/logo\/image\/"}}]}},"_links":{"self":[{"href":"https:\/\/www.assotecnoservice.com\/de\/wp-json\/wp\/v2\/pages\/507","targetHints":{"allow":["GET"]}}],"collection":[{"href":"https:\/\/www.assotecnoservice.com\/de\/wp-json\/wp\/v2\/pages"}],"about":[{"href":"https:\/\/www.assotecnoservice.com\/de\/wp-json\/wp\/v2\/types\/page"}],"author":[{"embeddable":true,"href":"https:\/\/www.assotecnoservice.com\/de\/wp-json\/wp\/v2\/users\/1"}],"replies":[{"embeddable":true,"href":"https:\/\/www.assotecnoservice.com\/de\/wp-json\/wp\/v2\/comments?post=507"}],"version-history":[{"count":11,"href":"https:\/\/www.assotecnoservice.com\/de\/wp-json\/wp\/v2\/pages\/507\/revisions"}],"predecessor-version":[{"id":762,"href":"https:\/\/www.assotecnoservice.com\/de\/wp-json\/wp\/v2\/pages\/507\/revisions\/762"}],"wp:attachment":[{"href":"https:\/\/www.assotecnoservice.com\/de\/wp-json\/wp\/v2\/media?parent=507"}],"curies":[{"name":"wp","href":"https:\/\/api.w.org\/{rel}","templated":true}]}}