{"id":478,"date":"2021-10-06T16:19:51","date_gmt":"2021-10-06T14:19:51","guid":{"rendered":"https:\/\/www.assotecnoservice.com\/servizi\/"},"modified":"2023-02-15T14:48:41","modified_gmt":"2023-02-15T13:48:41","slug":"servicios","status":"publish","type":"page","link":"https:\/\/www.assotecnoservice.com\/es\/servicios\/","title":{"rendered":"Servicios"},"content":{"rendered":"<section id=\"customlink_block-block_489a003ef3f44794fa0b4176975e6f01\" class=\"block_img_top_banner fadeOnScreen\">\n<div class=\"inner_wrp\">\n    <h1 class=\"title\">Servicios<\/h1>\n\n    <img decoding=\"async\" src=\"https:\/\/www.assotecnoservice.com\/wp-content\/uploads\/2021\/10\/Servizi-scaled.jpg\" alt=\"\" \/>\n<\/div>\n    <div class=\"container banner_caption_wrp\" >\n        <div class=\"row\">\n                          <p>En Asso Tecno Service nos posicionamos como solucionadores de problemas ante las diferentes necesidades de nuestros clientes.<\/p>\n<span class=\"divider\"><\/span>\n<p>D\u00e8s le premier contact, nous optimisons les d\u00e9lais de r\u00e9servation et d\u2019ex\u00e9cution de l&#8217;essai.<br \/>\nDesde el primer contacto, optimizamos el tiempo de reserva y ejecuci\u00f3n de la prueba.<br \/>\nVosotros siempre sois lo primero: podemos ofreceros un servicio 24 horas al d\u00eda, 7 d\u00edas a la semana.<\/p>\n                    <\/div>      \n    <\/div>\n<\/section>\n\n\n<section id=\"customlink_block-block_ac6976cccb5548529d254e04196ff582\" class=\" block_banner_testo_e_immagini_affiancate fadeOnScreen  block_margin_top  \" style=\" background-color:#fafafa; \">\n    <div class=\"container-fluid\">\n        <div class=\"row Immagine_testo\">\n            <div class=\"text_wrp col col-md-6 col-sm-12\">\n                              <h2> M\u00e9todo<\/h2>\n                                                   <p>&nbsp;<\/p>\n<ul>\n<li>Con cita previa, nos desplazamos a sus instalaciones y retiramos su veh\u00edculo<\/li>\n<li>Lo devolvemos despu\u00e9s de la prueba con los adhesivos y placas de conformidad con la ley<\/li>\n<li>Redactamos el informe de la prueba.<\/li>\n<li>Le entregamos el certificado ATP definitivo<\/li>\n<li>Realizamos pruebas en bloque<\/li>\n<li>Le avisamos cuando se acercan los vencimientos de ATP para sus veh\u00edculos isot\u00e9rmicos<\/li>\n<li>Realizamos la desinfecci\u00f3n del veh\u00edculo isot\u00e9rmico<\/li>\n<\/ul>\n                                            <\/div>\n            <div class=\"img_wrp col col-md-6 col-sm-12 zero_padding_left\">\n                                <img decoding=\"async\" src=\"https:\/\/www.assotecnoservice.com\/wp-content\/uploads\/2021\/10\/Metodo_home.jpg\" alt=\"\" \/>\n                            <\/div>\n        <\/div>      \n    <\/div>\n<\/section>\n\n\n\n\n\n<div class=\"wpcf7 no-js\" id=\"wpcf7-f525-o1\" lang=\"es-ES\" dir=\"ltr\" data-wpcf7-id=\"525\">\n<div class=\"screen-reader-response\"><p role=\"status\" aria-live=\"polite\" aria-atomic=\"true\"><\/p> <ul><\/ul><\/div>\n<form action=\"\/es\/wp-json\/wp\/v2\/pages\/478#wpcf7-f525-o1\" method=\"post\" class=\"wpcf7-form init\" aria-label=\"Formulario de contacto\" enctype=\"multipart\/form-data\" novalidate=\"novalidate\" data-status=\"init\">\n<fieldset class=\"hidden-fields-container\"><input type=\"hidden\" name=\"_wpcf7\" value=\"525\" \/><input type=\"hidden\" name=\"_wpcf7_version\" value=\"6.1.5\" \/><input type=\"hidden\" name=\"_wpcf7_locale\" value=\"es_ES\" \/><input type=\"hidden\" name=\"_wpcf7_unit_tag\" value=\"wpcf7-f525-o1\" \/><input type=\"hidden\" name=\"_wpcf7_container_post\" value=\"0\" \/><input type=\"hidden\" name=\"_wpcf7_posted_data_hash\" value=\"\" \/>\n<\/fieldset>\n<div class=\"container\">\n\t<div class=\"row\">\n\t\t<div class=\"col col-md-12 col-sm-12\">\n\t\t\t<h2 class=\"conts_title_banner\">Solicita un presupuesto\n\t\t\t<\/h2>\n\t\t<\/div>\n\t\t<div class=\"col col-md-4 col-sm-12\">\n\t\t\t<p><span class=\"wpcf7-form-control-wrap\" data-name=\"nome\"><input size=\"40\" maxlength=\"400\" class=\"wpcf7-form-control wpcf7-text\" aria-invalid=\"false\" placeholder=\"Nombre*\" value=\"\" type=\"text\" name=\"nome\" \/><\/span>\n\t\t\t<\/p>\n\t\t<\/div>\n\t\t<div class=\"col col-md-4 col-sm-12\">\n\t\t\t<p><span class=\"wpcf7-form-control-wrap\" data-name=\"Cognome\"><input size=\"40\" maxlength=\"400\" class=\"wpcf7-form-control wpcf7-text\" aria-invalid=\"false\" placeholder=\"Apellido*\" value=\"\" type=\"text\" name=\"Cognome\" \/><\/span>\n\t\t\t<\/p>\n\t\t<\/div>\n\t\t<div class=\"col col-md-4 col-sm-12\">\n\t\t\t<p><span class=\"wpcf7-form-control-wrap\" data-name=\"Azienda\"><input size=\"40\" maxlength=\"400\" class=\"wpcf7-form-control wpcf7-text\" aria-invalid=\"false\" placeholder=\"Empresa*\" value=\"\" type=\"text\" name=\"Azienda\" \/><\/span>\n\t\t\t<\/p>\n\t\t<\/div>\n\t<\/div>\n\t<div class=\"row\">\n\t\t<div class=\"col col-md-4 col-sm-12\">\n\t\t\t<p><span class=\"wpcf7-form-control-wrap\" data-name=\"Telefono\"><input size=\"40\" maxlength=\"400\" class=\"wpcf7-form-control wpcf7-tel wpcf7-text wpcf7-validates-as-tel\" aria-invalid=\"false\" placeholder=\"Tel\u00e9fono*\" value=\"\" type=\"tel\" name=\"Telefono\" \/><\/span>\n\t\t\t<\/p>\n\t\t<\/div>\n\t\t<div class=\"col col-md-8 col-sm-12\">\n\t\t\t<p><span class=\"wpcf7-form-control-wrap\" data-name=\"email\"><input size=\"40\" maxlength=\"400\" class=\"wpcf7-form-control wpcf7-email wpcf7-text wpcf7-validates-as-email\" aria-invalid=\"false\" placeholder=\"Correo electr\u00f3nico*\" value=\"\" type=\"email\" name=\"email\" \/><\/span>\n\t\t\t<\/p>\n\t\t<\/div>\n\t<\/div>\n\t<div class=\"row\">\n\t\t<div class=\"col col-md-4 col-sm-12\">\n\t\t\t<p><label>N\u00famero de matr\u00edcula* <span class=\"wpcf7-form-control-wrap\" data-name=\"Numeroditarga\"><input size=\"40\" class=\"wpcf7-form-control wpcf7-file wpcf7-validates-as-required\" accept=\"audio\/*,video\/*,image\/*\" aria-required=\"true\" aria-invalid=\"false\" type=\"file\" name=\"Numeroditarga\" \/><\/span><\/label>\n\t\t\t<\/p>\n\t\t<\/div>\n\t\t<div class=\"col col-md-4 col-sm-12\">\n\t\t\t<p><label>Escaneo ATP a punto de expirar* <span class=\"wpcf7-form-control-wrap\" data-name=\"ScansioneAT\"><input size=\"40\" class=\"wpcf7-form-control wpcf7-file wpcf7-validates-as-required\" accept=\"audio\/*,video\/*,image\/*\" aria-required=\"true\" aria-invalid=\"false\" type=\"file\" name=\"ScansioneAT\" \/><\/span> <\/label>\n\t\t\t<\/p>\n\t\t<\/div>\n\t\t<div class=\"col col-md-4 col-sm-12\">\n\t\t\t<p><label>Permiso de circulaci\u00f3n* <span class=\"wpcf7-form-control-wrap\" data-name=\"Librettodicircolazione\"><input size=\"40\" class=\"wpcf7-form-control wpcf7-file wpcf7-validates-as-required\" accept=\"audio\/*,video\/*,image\/*\" aria-required=\"true\" aria-invalid=\"false\" type=\"file\" name=\"Librettodicircolazione\" \/><\/span> <\/label>\n\t\t\t<\/p>\n\t\t<\/div>\n\t<\/div>\n\t<div class=\"row\">\n\t\t<div class=\"col col-sm-12\">\n\t\t\t<p><span class=\"wpcf7-form-control-wrap\" data-name=\"messaggio\"><textarea cols=\"40\" rows=\"10\" maxlength=\"2000\" class=\"wpcf7-form-control wpcf7-textarea\" aria-invalid=\"false\" placeholder=\"Mensaje\" name=\"messaggio\"><\/textarea><\/span>\n\t\t\t<\/p>\n\t\t<\/div>\n\t<\/div>\n\t<div class=\"row\">\n\t\t<div class=\"col col-sm-12 col-md-8 acceptance_wrp\">\n\t\t\t<p><span class=\"wpcf7-form-control-wrap\" data-name=\"privacy\"><span class=\"wpcf7-form-control wpcf7-acceptance\"><span class=\"wpcf7-list-item\"><input type=\"checkbox\" name=\"privacy\" value=\"1\" aria-invalid=\"false\" \/><\/span><\/span><\/span> He le\u00eddo la <a style=\"margin-bottom: -10px;\" href=\"https:\/\/www.assotecnoservice.com\/wp-content\/uploads\/2023\/02\/privacy_policy_assotecnoservice_eng.pdf\" class=\"iubenda-white no-brand iubenda-noiframe  iubenda-noiframe iubenda-nostyle standard_link\" title=\"Privacy Policy \" target=\"_blank\"> Pol\u00edtica de privacidad<\/a>\n\t\t\t<\/p>\n\n<!--<script type=\"text\/javascript\">(function (w,d) {var loader = function () {var s = d.createElement(\"script\"), tag = d.getElementsByTagName(\"script\")[0]; s.src=\"https:\/\/cdn.iubenda.com\/iubenda.js\"; tag.parentNode.insertBefore(s,tag);}; if(w.addEventListener){w.addEventListener(\"load\", loader, false);}else if(w.attachEvent){w.attachEvent(\"onload\", loader);}else{w.onload = loader;}})(window, document);<\/script>-->\n\t\t<\/div>\n\t\t<div class=\"col col-sm-12 col-md-8 acceptance_wrp\">\n\t\t\t<p><span class=\"wpcf7-form-control-wrap\" data-name=\"cookie\"><span class=\"wpcf7-form-control wpcf7-acceptance\"><span class=\"wpcf7-list-item\"><input type=\"checkbox\" name=\"cookie\" value=\"1\" aria-invalid=\"false\" \/><\/span><\/span><\/span> Autorizaci\u00f3n para el <a style=\"margin-bottom: -10px;\" href=\"https:\/\/www.assotecnoservice.com\/cookie-policy\/\" class=\"iubenda-white no-brand iubenda-noiframe iubenda-embed iubenda-noiframe iubenda-nostyle standard_link\" title=\"Cookie Policy \">tratamiento de datos personales<\/a>\n\t\t\t<\/p>\n\n<!--<script type=\"text\/javascript\">(function (w,d) {var loader = function () {var s = d.createElement(\"script\"), tag = d.getElementsByTagName(\"script\")[0]; s.src=\"https:\/\/cdn.iubenda.com\/iubenda.js\"; tag.parentNode.insertBefore(s,tag);}; if(w.addEventListener){w.addEventListener(\"load\", loader, false);}else if(w.attachEvent){w.attachEvent(\"onload\", loader);}else{w.onload = loader;}})(window, document);<\/script>-->\n\t\t<\/div>\n\t\t<div class=\"col col-sm-12 col-md-4\">\n\t\t\t<p><input class=\"wpcf7-form-control wpcf7-submit has-spinner\" type=\"submit\" value=\"Enviar\" \/>\n\t\t\t<\/p>\n\t\t<\/div>\n\t<\/div>\n<\/div><p style=\"display: none !important;\" class=\"akismet-fields-container\" data-prefix=\"_wpcf7_ak_\"><label>&#916;<textarea name=\"_wpcf7_ak_hp_textarea\" cols=\"45\" rows=\"8\" maxlength=\"100\"><\/textarea><\/label><input type=\"hidden\" id=\"ak_js_1\" name=\"_wpcf7_ak_js\" value=\"202\"\/><script>document.getElementById( \"ak_js_1\" ).setAttribute( \"value\", ( new Date() ).getTime() );<\/script><\/p><div class=\"wpcf7-response-output\" aria-hidden=\"true\"><\/div>\n<\/form>\n<\/div>\n\n","protected":false},"excerpt":{"rendered":"","protected":false},"author":1,"featured_media":0,"parent":0,"menu_order":0,"comment_status":"closed","ping_status":"closed","template":"","meta":{"_acf_changed":false,"inline_featured_image":false,"footnotes":""},"class_list":["post-478","page","type-page","status-publish","hentry"],"acf":[],"yoast_head":"<!-- This site is optimized with the Yoast SEO plugin v27.0 - https:\/\/yoast.com\/product\/yoast-seo-wordpress\/ -->\n<title>Servicios &#8211; Asso Tecno Service<\/title>\n<meta name=\"description\" content=\"Asso Tecno Service \u00e8 da 30 anni leader nel settore di collaudi e rinnovi ATP certificati su mezzi per il trasporto di derrate deteriorabili.\" \/>\n<meta name=\"robots\" content=\"index, follow, max-snippet:-1, max-image-preview:large, max-video-preview:-1\" \/>\n<link rel=\"canonical\" href=\"https:\/\/www.assotecnoservice.com\/es\/servicios\/\" \/>\n<meta property=\"og:locale\" content=\"es_ES\" \/>\n<meta property=\"og:type\" content=\"article\" \/>\n<meta property=\"og:title\" content=\"Servizi - Asso Tecno Service\" \/>\n<meta property=\"og:description\" content=\"Asso Tecno Service \u00e8 da 30 anni leader nel settore di collaudi e rinnovi ATP certificati su mezzi per il trasporto di derrate deteriorabili.\" \/>\n<meta property=\"og:url\" content=\"https:\/\/www.assotecnoservice.com\/es\/servicios\/\" \/>\n<meta property=\"og:site_name\" content=\"Asso Tecno Service\" \/>\n<meta property=\"article:modified_time\" content=\"2023-02-15T13:48:41+00:00\" \/>\n<meta property=\"og:image\" content=\"https:\/\/www.assotecnoservice.com\/wp-content\/uploads\/2021\/10\/AssoTecnoService_logo_200x200.jpg\" \/>\n\t<meta property=\"og:image:width\" content=\"200\" \/>\n\t<meta property=\"og:image:height\" content=\"200\" \/>\n\t<meta property=\"og:image:type\" content=\"image\/jpeg\" \/>\n<meta name=\"twitter:card\" content=\"summary_large_image\" \/>\n<meta name=\"twitter:title\" content=\"Servizi - Asso Tecno Service\" \/>\n<meta name=\"twitter:description\" content=\"Asso Tecno Service \u00e8 da 30 anni leader nel settore di collaudi e rinnovi ATP certificati su mezzi per il trasporto di derrate deteriorabili.\" \/>\n<meta name=\"twitter:image\" content=\"https:\/\/www.assotecnoservice.com\/wp-content\/uploads\/2021\/10\/AssoTecnoService_logo_200x200.jpg\" \/>\n<meta name=\"twitter:label1\" content=\"Tiempo de lectura\" \/>\n\t<meta name=\"twitter:data1\" content=\"1 minuto\" \/>\n<script type=\"application\/ld+json\" class=\"yoast-schema-graph\">{\"@context\":\"https:\/\/schema.org\",\"@graph\":[{\"@type\":\"WebPage\",\"@id\":\"https:\/\/www.assotecnoservice.com\/es\/servicios\/\",\"url\":\"https:\/\/www.assotecnoservice.com\/es\/servicios\/\",\"name\":\"Servicios &#8211; Asso Tecno Service\",\"isPartOf\":{\"@id\":\"https:\/\/www.assotecnoservice.com\/es\/#website\"},\"datePublished\":\"2021-10-06T14:19:51+00:00\",\"dateModified\":\"2023-02-15T13:48:41+00:00\",\"description\":\"Asso Tecno Service \u00e8 da 30 anni leader nel settore di collaudi e rinnovi ATP certificati su mezzi per il trasporto di derrate deteriorabili.\",\"breadcrumb\":{\"@id\":\"https:\/\/www.assotecnoservice.com\/es\/servicios\/#breadcrumb\"},\"inLanguage\":\"es\",\"potentialAction\":[{\"@type\":\"ReadAction\",\"target\":[\"https:\/\/www.assotecnoservice.com\/es\/servicios\/\"]}]},{\"@type\":\"BreadcrumbList\",\"@id\":\"https:\/\/www.assotecnoservice.com\/es\/servicios\/#breadcrumb\",\"itemListElement\":[{\"@type\":\"ListItem\",\"position\":1,\"name\":\"Home\",\"item\":\"https:\/\/www.assotecnoservice.com\/es\/\"},{\"@type\":\"ListItem\",\"position\":2,\"name\":\"Servicios\"}]},{\"@type\":\"WebSite\",\"@id\":\"https:\/\/www.assotecnoservice.com\/es\/#website\",\"url\":\"https:\/\/www.assotecnoservice.com\/es\/\",\"name\":\"Asso Tecno Service\",\"description\":\"Collaudi e Rinnovi ATP Certificati\",\"publisher\":{\"@id\":\"https:\/\/www.assotecnoservice.com\/es\/#organization\"},\"potentialAction\":[{\"@type\":\"SearchAction\",\"target\":{\"@type\":\"EntryPoint\",\"urlTemplate\":\"https:\/\/www.assotecnoservice.com\/es\/?s={search_term_string}\"},\"query-input\":{\"@type\":\"PropertyValueSpecification\",\"valueRequired\":true,\"valueName\":\"search_term_string\"}}],\"inLanguage\":\"es\"},{\"@type\":\"Organization\",\"@id\":\"https:\/\/www.assotecnoservice.com\/es\/#organization\",\"name\":\"Asso Tecno Service\",\"url\":\"https:\/\/www.assotecnoservice.com\/es\/\",\"logo\":{\"@type\":\"ImageObject\",\"inLanguage\":\"es\",\"@id\":\"https:\/\/www.assotecnoservice.com\/es\/#\/schema\/logo\/image\/\",\"url\":\"https:\/\/www.assotecnoservice.com\/wp-content\/uploads\/2021\/10\/AssoTecnoService_logo_200x200.jpg\",\"contentUrl\":\"https:\/\/www.assotecnoservice.com\/wp-content\/uploads\/2021\/10\/AssoTecnoService_logo_200x200.jpg\",\"width\":200,\"height\":200,\"caption\":\"Asso Tecno Service\"},\"image\":{\"@id\":\"https:\/\/www.assotecnoservice.com\/es\/#\/schema\/logo\/image\/\"}}]}<\/script>\n<!-- \/ Yoast SEO plugin. -->","yoast_head_json":{"title":"Servicios &#8211; Asso Tecno Service","description":"Asso Tecno Service \u00e8 da 30 anni leader nel settore di collaudi e rinnovi ATP certificati su mezzi per il trasporto di derrate deteriorabili.","robots":{"index":"index","follow":"follow","max-snippet":"max-snippet:-1","max-image-preview":"max-image-preview:large","max-video-preview":"max-video-preview:-1"},"canonical":"https:\/\/www.assotecnoservice.com\/es\/servicios\/","og_locale":"es_ES","og_type":"article","og_title":"Servizi - Asso Tecno Service","og_description":"Asso Tecno Service \u00e8 da 30 anni leader nel settore di collaudi e rinnovi ATP certificati su mezzi per il trasporto di derrate deteriorabili.","og_url":"https:\/\/www.assotecnoservice.com\/es\/servicios\/","og_site_name":"Asso Tecno Service","article_modified_time":"2023-02-15T13:48:41+00:00","og_image":[{"width":200,"height":200,"url":"https:\/\/www.assotecnoservice.com\/wp-content\/uploads\/2021\/10\/AssoTecnoService_logo_200x200.jpg","type":"image\/jpeg"}],"twitter_card":"summary_large_image","twitter_title":"Servizi - Asso Tecno Service","twitter_description":"Asso Tecno Service \u00e8 da 30 anni leader nel settore di collaudi e rinnovi ATP certificati su mezzi per il trasporto di derrate deteriorabili.","twitter_image":"https:\/\/www.assotecnoservice.com\/wp-content\/uploads\/2021\/10\/AssoTecnoService_logo_200x200.jpg","twitter_misc":{"Tiempo de lectura":"1 minuto"},"schema":{"@context":"https:\/\/schema.org","@graph":[{"@type":"WebPage","@id":"https:\/\/www.assotecnoservice.com\/es\/servicios\/","url":"https:\/\/www.assotecnoservice.com\/es\/servicios\/","name":"Servicios &#8211; Asso Tecno Service","isPartOf":{"@id":"https:\/\/www.assotecnoservice.com\/es\/#website"},"datePublished":"2021-10-06T14:19:51+00:00","dateModified":"2023-02-15T13:48:41+00:00","description":"Asso Tecno Service \u00e8 da 30 anni leader nel settore di collaudi e rinnovi ATP certificati su mezzi per il trasporto di derrate deteriorabili.","breadcrumb":{"@id":"https:\/\/www.assotecnoservice.com\/es\/servicios\/#breadcrumb"},"inLanguage":"es","potentialAction":[{"@type":"ReadAction","target":["https:\/\/www.assotecnoservice.com\/es\/servicios\/"]}]},{"@type":"BreadcrumbList","@id":"https:\/\/www.assotecnoservice.com\/es\/servicios\/#breadcrumb","itemListElement":[{"@type":"ListItem","position":1,"name":"Home","item":"https:\/\/www.assotecnoservice.com\/es\/"},{"@type":"ListItem","position":2,"name":"Servicios"}]},{"@type":"WebSite","@id":"https:\/\/www.assotecnoservice.com\/es\/#website","url":"https:\/\/www.assotecnoservice.com\/es\/","name":"Asso Tecno Service","description":"Collaudi e Rinnovi ATP Certificati","publisher":{"@id":"https:\/\/www.assotecnoservice.com\/es\/#organization"},"potentialAction":[{"@type":"SearchAction","target":{"@type":"EntryPoint","urlTemplate":"https:\/\/www.assotecnoservice.com\/es\/?s={search_term_string}"},"query-input":{"@type":"PropertyValueSpecification","valueRequired":true,"valueName":"search_term_string"}}],"inLanguage":"es"},{"@type":"Organization","@id":"https:\/\/www.assotecnoservice.com\/es\/#organization","name":"Asso Tecno Service","url":"https:\/\/www.assotecnoservice.com\/es\/","logo":{"@type":"ImageObject","inLanguage":"es","@id":"https:\/\/www.assotecnoservice.com\/es\/#\/schema\/logo\/image\/","url":"https:\/\/www.assotecnoservice.com\/wp-content\/uploads\/2021\/10\/AssoTecnoService_logo_200x200.jpg","contentUrl":"https:\/\/www.assotecnoservice.com\/wp-content\/uploads\/2021\/10\/AssoTecnoService_logo_200x200.jpg","width":200,"height":200,"caption":"Asso Tecno Service"},"image":{"@id":"https:\/\/www.assotecnoservice.com\/es\/#\/schema\/logo\/image\/"}}]}},"_links":{"self":[{"href":"https:\/\/www.assotecnoservice.com\/es\/wp-json\/wp\/v2\/pages\/478","targetHints":{"allow":["GET"]}}],"collection":[{"href":"https:\/\/www.assotecnoservice.com\/es\/wp-json\/wp\/v2\/pages"}],"about":[{"href":"https:\/\/www.assotecnoservice.com\/es\/wp-json\/wp\/v2\/types\/page"}],"author":[{"embeddable":true,"href":"https:\/\/www.assotecnoservice.com\/es\/wp-json\/wp\/v2\/users\/1"}],"replies":[{"embeddable":true,"href":"https:\/\/www.assotecnoservice.com\/es\/wp-json\/wp\/v2\/comments?post=478"}],"version-history":[{"count":2,"href":"https:\/\/www.assotecnoservice.com\/es\/wp-json\/wp\/v2\/pages\/478\/revisions"}],"predecessor-version":[{"id":481,"href":"https:\/\/www.assotecnoservice.com\/es\/wp-json\/wp\/v2\/pages\/478\/revisions\/481"}],"wp:attachment":[{"href":"https:\/\/www.assotecnoservice.com\/es\/wp-json\/wp\/v2\/media?parent=478"}],"curies":[{"name":"wp","href":"https:\/\/api.w.org\/{rel}","templated":true}]}}