{"id":506,"date":"2021-09-30T15:25:05","date_gmt":"2021-09-30T13:25:05","guid":{"rendered":"https:\/\/www.assotecnoservice.com\/home\/"},"modified":"2023-02-21T14:46:52","modified_gmt":"2023-02-21T13:46:52","slug":"home","status":"publish","type":"page","link":"https:\/\/www.assotecnoservice.com\/fr\/","title":{"rendered":"Home"},"content":{"rendered":"<section id=\"customlink_block-block_375caf49cf52407f3ffce24fca800aed\" class=\"block_video_banner fadeOnScreen\">\n<div class=\"inner_wrp\">\n    <iframe class=\"hide_mob\" src=\"https:\/\/www.youtube.com\/embed\/6L3c2LAocOM?version=3&#038;modestbranding=0&#038;controls=0&#038;cc_load_policy=0&#038;autoplay=1&#038;mute=1&#038;rel=0&#038;playsinline=0&#038;loop=1&#038;playlist=6L3c2LAocOM\"><\/iframe>\n<\/div>\n            <img decoding=\"async\" src=\"https:\/\/www.assotecnoservice.com\/wp-content\/uploads\/2023\/02\/fr.jpg\" alt=\"\" class=\"background-image hide_desk\" \/>\n    <div class=\"container video_caption_wrp\" >\n        <div class=\"row\">\n                          <h1>Maintenir la <strong>cha\u00eene du froid<\/strong><br\/>intacte est essentiel pour la <strong>s\u00e9curit\u00e9 alimentaire<\/strong>.<\/h1>                    <\/div>      \n    <\/div>\n<\/section>\n\n\n<section id=\"customlink_block-block_2d6cdba6c4034ffd97482e8d645ad80f\" class=\" block_banner_testuale fadeOnScreen  block_margin_top  \" style=\" background-color:#002551;    max-width:1140px;; margin-left: auto; margin-right: auto;\">\n        <div class=\"container  \" >\n        <div class=\"row  titolo_e_testo_affiancato \"> \n            <div class=\"col col-sm-12 cat_wrp\">\n                               <small>NOTRE ENTREPRISE<\/small>\n                            \n            <\/div>\n        <div class=\"text_wrp_title col col-md-6 col-sm-12\" style=\" color:#ffffff; \">\n                                   <h2>Asso Tecno Service<br\/> station d\u2019essais <br\/> ATP ayant une validit\u00e9<br\/> de 6 ansi<\/h2>\n                            <\/div>\n            <div class=\"text_wrp col col-md-6 col-sm-12\" style=\" color:#ffffff; \">\n                                   <p>Asso Tecno Service accomplit les essais des v\u00e9hicules destin\u00e9s au transport de denr\u00e9es alimentaires p\u00e9rissables sous r\u00e9gime ATP dans des tunnels isothermes \u00e0 haute technologie : v\u00e9rification du coefficient de transmission thermique K de la cellule isotherme en surveillant tout le processus ex\u00e9cutif en temps r\u00e9el.<\/p>\n                            <\/div>\n                            <div class=\"btn_wrp col col-md-12 col-sm-12\">\n                    <button class=\"standard_btn_full\"><a href=\"https:\/\/www.assotecnoservice.com\/fr\/notre-enterprise\">En savoir plus<\/a><\/button>\n                <\/div>\n                    <\/div>      \n    <\/div>\n<\/section>\n\n\n<section id=\"customlink_block-block_2833eb816a45f9fcc550ea49e09d6b7a\" class=\" block_banner_testo_e_immagini_affiancate fadeOnScreen  block_margin_top  \" style=\" background-color:#fafafa; \">\n    <div class=\"container-fluid\">\n        <div class=\"row Immagine_testo\">\n            <div class=\"text_wrp col col-md-6 col-sm-12\">\n                              <h2> Services<\/h2>\n                                                   <p>Asso Tecno Service teste les engins destin\u00e9s au transport alimentaire de denr\u00e9es p\u00e9rissables et les soumet aux essais d\u2019efficacit\u00e9 isotherme. Nous effectuons les essais ATP ayant une validit\u00e9 de 6 ans dans des tunnels isothermes sp\u00e9ciaux de toute derni\u00e8re g\u00e9n\u00e9ration, conform\u00e9ment \u00e0 la r\u00e9glementation internationale ATP (Accord relatif aux transports internationaux de denr\u00e9es p\u00e9rissables et aux engins sp\u00e9ciaux \u00e0 utiliser pour ces transports).<\/p>\n                                                    <button class=\"standard_btn_full\"><a href=\"https:\/\/www.assotecnoservice.com\/fr\/services\">En savoir plus<\/a><\/button>\n                            <\/div>\n            <div class=\"img_wrp col col-md-6 col-sm-12 zero_padding_left\">\n                                <img decoding=\"async\" src=\"https:\/\/www.assotecnoservice.com\/wp-content\/uploads\/2021\/10\/Servizi-scaled.jpg\" alt=\"\" \/>\n                            <\/div>\n        <\/div>      \n    <\/div>\n<\/section>\n\n\n\n\n\n<section id=\"customlink_block-block_5ae24b27455b3855d5a88bbb5c403356\" class=\" block_banner_testuale fadeOnScreen  \" style=\" background-color:#002551;   \">\n        <div class=\"container  \" >\n        <div class=\"row   titolo_e_testo_non_affiancato \"> \n            <div class=\"col col-sm-12 cat_wrp\">\n                        \n            <\/div>\n        <div class=\"text_wrp_title col col-md-6 col-sm-12\" style=\" color:#ffffff; \">\n                            <\/div>\n            <div class=\"text_wrp col col-md-6 col-sm-12\" style=\" color:#ffffff; \">\n                                   <h3 style=\"text-align: center;\">Se r\u00e9unir est un d\u00e9but, rester ensemble est un progr\u00e8s, travailler ensemble est la r\u00e9ussite<\/h3>\n<p>&nbsp;<\/p>\n<p style=\"text-align: center;\"><span style=\"color: #4b8cb8;\"><small>HENRY FORD<\/small><\/span><\/p>\n                            <\/div>\n                    <\/div>      \n    <\/div>\n<\/section>\n\n\n<section id=\"customlink_block-block_2566d41762754eac8ef28c52dc09a4ea\" class=\" block_banner_testo_e_immagini_affiancate fadeOnScreen   block_margin_bottom \" style=\" background-color:#fafafa; \">\n    <div class=\"container-fluid\">\n        <div class=\"row testo_immagine\">\n            <div class=\"text_wrp col col-md-6 col-sm-12\">\n                              <h2> M\u00e9thode<\/h2>\n                                                   <p>D\u00e8s le premier contact nous optimisons les d\u00e9lais de r\u00e9servation et d&rsquo;ex\u00e9cution du test. Vous passez toujours en premier : nous sommes en mesure de vous offrir un service 24h\/24 et 7j\/7.<\/p>\n                                                    <button class=\"standard_btn_full\"><a href=\"https:\/\/www.assotecnoservice.com\/en\/contacts\/\">En savoir plus<\/a><\/button>\n                            <\/div>\n            <div class=\"img_wrp col col-md-6 col-sm-12 zero_padding_left\">\n                                <img decoding=\"async\" src=\"https:\/\/www.assotecnoservice.com\/wp-content\/uploads\/2021\/10\/Metodo_home.jpg\" alt=\"\" \/>\n                            <\/div>\n        <\/div>      \n    <\/div>\n<\/section>\n\n\n\n\n\n<div class=\"wpcf7 no-js\" id=\"wpcf7-f523-o1\" lang=\"fr-FR\" dir=\"ltr\" data-wpcf7-id=\"523\">\n<div class=\"screen-reader-response\"><p role=\"status\" aria-live=\"polite\" aria-atomic=\"true\"><\/p> <ul><\/ul><\/div>\n<form action=\"\/fr\/wp-json\/wp\/v2\/pages\/506#wpcf7-f523-o1\" method=\"post\" class=\"wpcf7-form init\" aria-label=\"Formulaire de contact\" enctype=\"multipart\/form-data\" novalidate=\"novalidate\" data-status=\"init\">\n<fieldset class=\"hidden-fields-container\"><input type=\"hidden\" name=\"_wpcf7\" value=\"523\" \/><input type=\"hidden\" name=\"_wpcf7_version\" value=\"6.1.5\" \/><input type=\"hidden\" name=\"_wpcf7_locale\" value=\"fr_FR\" \/><input type=\"hidden\" name=\"_wpcf7_unit_tag\" value=\"wpcf7-f523-o1\" \/><input type=\"hidden\" name=\"_wpcf7_container_post\" value=\"0\" \/><input type=\"hidden\" name=\"_wpcf7_posted_data_hash\" value=\"\" \/>\n<\/fieldset>\n<div class=\"container\">\n\t<div class=\"row\">\n\t\t<div class=\"col col-md-12 col-sm-12\">\n\t\t\t<h2 class=\"conts_title_banner\"> Demander un devis\n\t\t\t<\/h2>\n\t\t<\/div>\n\t\t<div class=\"col col-md-4 col-sm-12\">\n\t\t\t<p><span class=\"wpcf7-form-control-wrap\" data-name=\"nome\"><input size=\"40\" maxlength=\"400\" class=\"wpcf7-form-control wpcf7-text\" aria-invalid=\"false\" placeholder=\"Pr\u00e9nom*\" value=\"\" type=\"text\" name=\"nome\" \/><\/span>\n\t\t\t<\/p>\n\t\t<\/div>\n\t\t<div class=\"col col-md-4 col-sm-12\">\n\t\t\t<p><span class=\"wpcf7-form-control-wrap\" data-name=\"Cognome\"><input size=\"40\" maxlength=\"400\" class=\"wpcf7-form-control wpcf7-text\" aria-invalid=\"false\" placeholder=\"Nom*\" value=\"\" type=\"text\" name=\"Cognome\" \/><\/span>\n\t\t\t<\/p>\n\t\t<\/div>\n\t\t<div class=\"col col-md-4 col-sm-12\">\n\t\t\t<p><span class=\"wpcf7-form-control-wrap\" data-name=\"Azienda\"><input size=\"40\" maxlength=\"400\" class=\"wpcf7-form-control wpcf7-text\" aria-invalid=\"false\" placeholder=\"Entreprise*\" value=\"\" type=\"text\" name=\"Azienda\" \/><\/span>\n\t\t\t<\/p>\n\t\t<\/div>\n\t<\/div>\n\t<div class=\"row\">\n\t\t<div class=\"col col-md-4 col-sm-12\">\n\t\t\t<p><span class=\"wpcf7-form-control-wrap\" data-name=\"Telefono\"><input size=\"40\" maxlength=\"400\" class=\"wpcf7-form-control wpcf7-tel wpcf7-text wpcf7-validates-as-tel\" aria-invalid=\"false\" placeholder=\"N\u00b0 de T\u00e9l.*\" value=\"\" type=\"tel\" name=\"Telefono\" \/><\/span>\n\t\t\t<\/p>\n\t\t<\/div>\n\t\t<div class=\"col col-md-8 col-sm-12\">\n\t\t\t<p><span class=\"wpcf7-form-control-wrap\" data-name=\"email\"><input size=\"40\" maxlength=\"400\" class=\"wpcf7-form-control wpcf7-email wpcf7-text wpcf7-validates-as-email\" aria-invalid=\"false\" placeholder=\"Courriel*\" value=\"\" type=\"email\" name=\"email\" \/><\/span>\n\t\t\t<\/p>\n\t\t<\/div>\n\t<\/div>\n\t<div class=\"row\">\n\t\t<div class=\"col col-md-4 col-sm-12\">\n\t\t\t<p><label>Num\u00e9ro de plaque* <span class=\"wpcf7-form-control-wrap\" data-name=\"Numeroditarga\"><input size=\"40\" class=\"wpcf7-form-control wpcf7-file wpcf7-validates-as-required\" accept=\"audio\/*,video\/*,image\/*\" aria-required=\"true\" aria-invalid=\"false\" type=\"file\" name=\"Numeroditarga\" \/><\/span><\/label>\n\t\t\t<\/p>\n\t\t<\/div>\n\t\t<div class=\"col col-md-4 col-sm-12\">\n\t\t\t<p><label>Scansion ATP sur le point d\u2019expirer* <span class=\"wpcf7-form-control-wrap\" data-name=\"ScansioneAT\"><input size=\"40\" class=\"wpcf7-form-control wpcf7-file wpcf7-validates-as-required\" accept=\"audio\/*,video\/*,image\/*\" aria-required=\"true\" aria-invalid=\"false\" type=\"file\" name=\"ScansioneAT\" \/><\/span> <\/label>\n\t\t\t<\/p>\n\t\t<\/div>\n\t\t<div class=\"col col-md-4 col-sm-12\">\n\t\t\t<p><label>Carte d\u2019immatriculation* <span class=\"wpcf7-form-control-wrap\" data-name=\"Librettodicircolazione\"><input size=\"40\" class=\"wpcf7-form-control wpcf7-file wpcf7-validates-as-required\" accept=\"audio\/*,video\/*,image\/*\" aria-required=\"true\" aria-invalid=\"false\" type=\"file\" name=\"Librettodicircolazione\" \/><\/span> <\/label>\n\t\t\t<\/p>\n\t\t<\/div>\n\t<\/div>\n\t<div class=\"row\">\n\t\t<div class=\"col col-sm-12\">\n\t\t\t<p><span class=\"wpcf7-form-control-wrap\" data-name=\"messaggio\"><textarea cols=\"40\" rows=\"10\" maxlength=\"2000\" class=\"wpcf7-form-control wpcf7-textarea\" aria-invalid=\"false\" placeholder=\"Message\" name=\"messaggio\"><\/textarea><\/span>\n\t\t\t<\/p>\n\t\t<\/div>\n\t<\/div>\n\t<div class=\"row\">\n\t\t<div class=\"col col-sm-12 col-md-8 acceptance_wrp\">\n\t\t\t<p><span class=\"wpcf7-form-control-wrap\" data-name=\"privacy\"><span class=\"wpcf7-form-control wpcf7-acceptance\"><span class=\"wpcf7-list-item\"><input type=\"checkbox\" name=\"privacy\" value=\"1\" aria-invalid=\"false\" \/><\/span><\/span><\/span> Prise de connaissance de la <a style=\"margin-bottom: -10px;\" href=\"https:\/\/www.assotecnoservice.com\/wp-content\/uploads\/2023\/02\/privacy_policy_assotecnoservice_eng.pdf\" class=\"iubenda-white no-brand iubenda-noiframe  iubenda-noiframe iubenda-nostyle standard_link\" title=\"Privacy Policy \" target=\"_blank\"> Politique de confidentialit\u00e9<\/a>\n\t\t\t<\/p>\n\n<!--<script type=\"text\/javascript\">(function (w,d) {var loader = function () {var s = d.createElement(\"script\"), tag = d.getElementsByTagName(\"script\")[0]; s.src=\"https:\/\/cdn.iubenda.com\/iubenda.js\"; tag.parentNode.insertBefore(s,tag);}; if(w.addEventListener){w.addEventListener(\"load\", loader, false);}else if(w.attachEvent){w.attachEvent(\"onload\", loader);}else{w.onload = loader;}})(window, document);<\/script>-->\n\t\t<\/div>\n\t\t<div class=\"col col-sm-12 col-md-8 acceptance_wrp\">\n\t\t\t<p><span class=\"wpcf7-form-control-wrap\" data-name=\"cookie\"><span class=\"wpcf7-form-control wpcf7-acceptance\"><span class=\"wpcf7-list-item\"><input type=\"checkbox\" name=\"cookie\" value=\"1\" aria-invalid=\"false\" \/><\/span><\/span><\/span> Autorisation au <a style=\"margin-bottom: -10px;\" href=\"https:\/\/www.assotecnoservice.com\/cookie-policy\/\" class=\"iubenda-white no-brand iubenda-noiframe iubenda-embed iubenda-noiframe iubenda-nostyle standard_link\" title=\"Cookie Policy \">traitement des donn\u00e9es \u00e0 caract\u00e8re personnel<\/a>\n\t\t\t<\/p>\n\n<!--<script type=\"text\/javascript\">(function (w,d) {var loader = function () {var s = d.createElement(\"script\"), tag = d.getElementsByTagName(\"script\")[0]; s.src=\"https:\/\/cdn.iubenda.com\/iubenda.js\"; tag.parentNode.insertBefore(s,tag);}; if(w.addEventListener){w.addEventListener(\"load\", loader, false);}else if(w.attachEvent){w.attachEvent(\"onload\", loader);}else{w.onload = loader;}})(window, document);<\/script>-->\n\t\t<\/div>\n\t\t<div class=\"col col-sm-12 col-md-4\">\n\t\t\t<p><input class=\"wpcf7-form-control wpcf7-submit has-spinner\" type=\"submit\" value=\"Envoyer\" \/>\n\t\t\t<\/p>\n\t\t<\/div>\n\t<\/div>\n<\/div><p style=\"display: none !important;\" class=\"akismet-fields-container\" data-prefix=\"_wpcf7_ak_\"><label>&#916;<textarea name=\"_wpcf7_ak_hp_textarea\" cols=\"45\" rows=\"8\" maxlength=\"100\"><\/textarea><\/label><input type=\"hidden\" id=\"ak_js_1\" name=\"_wpcf7_ak_js\" value=\"83\"\/><script>document.getElementById( \"ak_js_1\" ).setAttribute( \"value\", ( new Date() ).getTime() );<\/script><\/p><div class=\"wpcf7-response-output\" aria-hidden=\"true\"><\/div>\n<\/form>\n<\/div>\n\n\n\n\n<p><\/p>\n","protected":false},"excerpt":{"rendered":"","protected":false},"author":1,"featured_media":0,"parent":0,"menu_order":0,"comment_status":"closed","ping_status":"closed","template":"","meta":{"_acf_changed":false,"inline_featured_image":false,"footnotes":""},"class_list":["post-506","page","type-page","status-publish","hentry"],"acf":[],"yoast_head":"<!-- This site is optimized with the Yoast SEO plugin v27.0 - https:\/\/yoast.com\/product\/yoast-seo-wordpress\/ -->\n<title>Collaudi e Rinnovi ATP Certificati - Asso Tecno Service<\/title>\n<meta name=\"description\" content=\"Asso Tecno Service \u00e8 da 30 anni leader nel settore di collaudi e rinnovi ATP certificati su mezzi per il trasporto di derrate deteriorabili.\" \/>\n<meta name=\"robots\" content=\"index, follow, max-snippet:-1, max-image-preview:large, max-video-preview:-1\" \/>\n<link rel=\"canonical\" href=\"https:\/\/www.assotecnoservice.com\/fr\/\" \/>\n<meta property=\"og:locale\" content=\"fr_FR\" \/>\n<meta property=\"og:type\" content=\"article\" \/>\n<meta property=\"og:title\" content=\"Asso Tecno Service\" \/>\n<meta property=\"og:description\" content=\"Asso Tecno Service \u00e8 da 30 anni leader nel settore di collaudi e rinnovi ATP certificati su mezzi per il trasporto di derrate deteriorabili.\" \/>\n<meta property=\"og:url\" content=\"https:\/\/www.assotecnoservice.com\/fr\/\" \/>\n<meta property=\"og:site_name\" content=\"Asso Tecno Service\" \/>\n<meta property=\"article:modified_time\" content=\"2023-02-21T13:46:52+00:00\" \/>\n<meta property=\"og:image\" content=\"https:\/\/www.assotecnoservice.com\/wp-content\/uploads\/2021\/10\/AssoTecnoService_logo_200x200.jpg\" \/>\n\t<meta property=\"og:image:width\" content=\"200\" \/>\n\t<meta property=\"og:image:height\" content=\"200\" \/>\n\t<meta property=\"og:image:type\" content=\"image\/jpeg\" \/>\n<meta name=\"twitter:card\" content=\"summary_large_image\" \/>\n<meta name=\"twitter:title\" content=\"Asso Tecno Service\" \/>\n<meta name=\"twitter:description\" content=\"Asso Tecno Service \u00e8 da 30 anni leader nel settore di collaudi e rinnovi ATP certificati su mezzi per il trasporto di derrate deteriorabili.\" \/>\n<meta name=\"twitter:image\" content=\"https:\/\/www.assotecnoservice.com\/wp-content\/uploads\/2021\/10\/AssoTecnoService_logo_200x200.jpg\" \/>\n<meta name=\"twitter:label1\" content=\"Dur\u00e9e de lecture estim\u00e9e\" \/>\n\t<meta name=\"twitter:data1\" content=\"1 minute\" \/>\n<script type=\"application\/ld+json\" class=\"yoast-schema-graph\">{\"@context\":\"https:\/\/schema.org\",\"@graph\":[{\"@type\":\"WebPage\",\"@id\":\"https:\/\/www.assotecnoservice.com\/fr\/\",\"url\":\"https:\/\/www.assotecnoservice.com\/fr\/\",\"name\":\"Collaudi e Rinnovi ATP Certificati - Asso Tecno Service\",\"isPartOf\":{\"@id\":\"https:\/\/www.assotecnoservice.com\/fr\/#website\"},\"datePublished\":\"2021-09-30T13:25:05+00:00\",\"dateModified\":\"2023-02-21T13:46:52+00:00\",\"description\":\"Asso Tecno Service \u00e8 da 30 anni leader nel settore di collaudi e rinnovi ATP certificati su mezzi per il trasporto di derrate deteriorabili.\",\"breadcrumb\":{\"@id\":\"https:\/\/www.assotecnoservice.com\/fr\/#breadcrumb\"},\"inLanguage\":\"fr-FR\",\"potentialAction\":[{\"@type\":\"ReadAction\",\"target\":[\"https:\/\/www.assotecnoservice.com\/fr\/\"]}]},{\"@type\":\"BreadcrumbList\",\"@id\":\"https:\/\/www.assotecnoservice.com\/fr\/#breadcrumb\",\"itemListElement\":[{\"@type\":\"ListItem\",\"position\":1,\"name\":\"Home\",\"item\":\"https:\/\/www.assotecnoservice.com\/fr\/\"},{\"@type\":\"ListItem\",\"position\":2,\"name\":\"Home\"}]},{\"@type\":\"WebSite\",\"@id\":\"https:\/\/www.assotecnoservice.com\/fr\/#website\",\"url\":\"https:\/\/www.assotecnoservice.com\/fr\/\",\"name\":\"Asso Tecno Service\",\"description\":\"Collaudi e Rinnovi ATP Certificati\",\"publisher\":{\"@id\":\"https:\/\/www.assotecnoservice.com\/fr\/#organization\"},\"potentialAction\":[{\"@type\":\"SearchAction\",\"target\":{\"@type\":\"EntryPoint\",\"urlTemplate\":\"https:\/\/www.assotecnoservice.com\/fr\/?s={search_term_string}\"},\"query-input\":{\"@type\":\"PropertyValueSpecification\",\"valueRequired\":true,\"valueName\":\"search_term_string\"}}],\"inLanguage\":\"fr-FR\"},{\"@type\":\"Organization\",\"@id\":\"https:\/\/www.assotecnoservice.com\/fr\/#organization\",\"name\":\"Asso Tecno Service\",\"url\":\"https:\/\/www.assotecnoservice.com\/fr\/\",\"logo\":{\"@type\":\"ImageObject\",\"inLanguage\":\"fr-FR\",\"@id\":\"https:\/\/www.assotecnoservice.com\/fr\/#\/schema\/logo\/image\/\",\"url\":\"https:\/\/www.assotecnoservice.com\/wp-content\/uploads\/2021\/10\/AssoTecnoService_logo_200x200.jpg\",\"contentUrl\":\"https:\/\/www.assotecnoservice.com\/wp-content\/uploads\/2021\/10\/AssoTecnoService_logo_200x200.jpg\",\"width\":200,\"height\":200,\"caption\":\"Asso Tecno Service\"},\"image\":{\"@id\":\"https:\/\/www.assotecnoservice.com\/fr\/#\/schema\/logo\/image\/\"}}]}<\/script>\n<!-- \/ Yoast SEO plugin. -->","yoast_head_json":{"title":"Collaudi e Rinnovi ATP Certificati - Asso Tecno Service","description":"Asso Tecno Service \u00e8 da 30 anni leader nel settore di collaudi e rinnovi ATP certificati su mezzi per il trasporto di derrate deteriorabili.","robots":{"index":"index","follow":"follow","max-snippet":"max-snippet:-1","max-image-preview":"max-image-preview:large","max-video-preview":"max-video-preview:-1"},"canonical":"https:\/\/www.assotecnoservice.com\/fr\/","og_locale":"fr_FR","og_type":"article","og_title":"Asso Tecno Service","og_description":"Asso Tecno Service \u00e8 da 30 anni leader nel settore di collaudi e rinnovi ATP certificati su mezzi per il trasporto di derrate deteriorabili.","og_url":"https:\/\/www.assotecnoservice.com\/fr\/","og_site_name":"Asso Tecno Service","article_modified_time":"2023-02-21T13:46:52+00:00","og_image":[{"width":200,"height":200,"url":"https:\/\/www.assotecnoservice.com\/wp-content\/uploads\/2021\/10\/AssoTecnoService_logo_200x200.jpg","type":"image\/jpeg"}],"twitter_card":"summary_large_image","twitter_title":"Asso Tecno Service","twitter_description":"Asso Tecno Service \u00e8 da 30 anni leader nel settore di collaudi e rinnovi ATP certificati su mezzi per il trasporto di derrate deteriorabili.","twitter_image":"https:\/\/www.assotecnoservice.com\/wp-content\/uploads\/2021\/10\/AssoTecnoService_logo_200x200.jpg","twitter_misc":{"Dur\u00e9e de lecture estim\u00e9e":"1 minute"},"schema":{"@context":"https:\/\/schema.org","@graph":[{"@type":"WebPage","@id":"https:\/\/www.assotecnoservice.com\/fr\/","url":"https:\/\/www.assotecnoservice.com\/fr\/","name":"Collaudi e Rinnovi ATP Certificati - Asso Tecno Service","isPartOf":{"@id":"https:\/\/www.assotecnoservice.com\/fr\/#website"},"datePublished":"2021-09-30T13:25:05+00:00","dateModified":"2023-02-21T13:46:52+00:00","description":"Asso Tecno Service \u00e8 da 30 anni leader nel settore di collaudi e rinnovi ATP certificati su mezzi per il trasporto di derrate deteriorabili.","breadcrumb":{"@id":"https:\/\/www.assotecnoservice.com\/fr\/#breadcrumb"},"inLanguage":"fr-FR","potentialAction":[{"@type":"ReadAction","target":["https:\/\/www.assotecnoservice.com\/fr\/"]}]},{"@type":"BreadcrumbList","@id":"https:\/\/www.assotecnoservice.com\/fr\/#breadcrumb","itemListElement":[{"@type":"ListItem","position":1,"name":"Home","item":"https:\/\/www.assotecnoservice.com\/fr\/"},{"@type":"ListItem","position":2,"name":"Home"}]},{"@type":"WebSite","@id":"https:\/\/www.assotecnoservice.com\/fr\/#website","url":"https:\/\/www.assotecnoservice.com\/fr\/","name":"Asso Tecno Service","description":"Collaudi e Rinnovi ATP Certificati","publisher":{"@id":"https:\/\/www.assotecnoservice.com\/fr\/#organization"},"potentialAction":[{"@type":"SearchAction","target":{"@type":"EntryPoint","urlTemplate":"https:\/\/www.assotecnoservice.com\/fr\/?s={search_term_string}"},"query-input":{"@type":"PropertyValueSpecification","valueRequired":true,"valueName":"search_term_string"}}],"inLanguage":"fr-FR"},{"@type":"Organization","@id":"https:\/\/www.assotecnoservice.com\/fr\/#organization","name":"Asso Tecno Service","url":"https:\/\/www.assotecnoservice.com\/fr\/","logo":{"@type":"ImageObject","inLanguage":"fr-FR","@id":"https:\/\/www.assotecnoservice.com\/fr\/#\/schema\/logo\/image\/","url":"https:\/\/www.assotecnoservice.com\/wp-content\/uploads\/2021\/10\/AssoTecnoService_logo_200x200.jpg","contentUrl":"https:\/\/www.assotecnoservice.com\/wp-content\/uploads\/2021\/10\/AssoTecnoService_logo_200x200.jpg","width":200,"height":200,"caption":"Asso Tecno Service"},"image":{"@id":"https:\/\/www.assotecnoservice.com\/fr\/#\/schema\/logo\/image\/"}}]}},"_links":{"self":[{"href":"https:\/\/www.assotecnoservice.com\/fr\/wp-json\/wp\/v2\/pages\/506","targetHints":{"allow":["GET"]}}],"collection":[{"href":"https:\/\/www.assotecnoservice.com\/fr\/wp-json\/wp\/v2\/pages"}],"about":[{"href":"https:\/\/www.assotecnoservice.com\/fr\/wp-json\/wp\/v2\/types\/page"}],"author":[{"embeddable":true,"href":"https:\/\/www.assotecnoservice.com\/fr\/wp-json\/wp\/v2\/users\/1"}],"replies":[{"embeddable":true,"href":"https:\/\/www.assotecnoservice.com\/fr\/wp-json\/wp\/v2\/comments?post=506"}],"version-history":[{"count":10,"href":"https:\/\/www.assotecnoservice.com\/fr\/wp-json\/wp\/v2\/pages\/506\/revisions"}],"predecessor-version":[{"id":752,"href":"https:\/\/www.assotecnoservice.com\/fr\/wp-json\/wp\/v2\/pages\/506\/revisions\/752"}],"wp:attachment":[{"href":"https:\/\/www.assotecnoservice.com\/fr\/wp-json\/wp\/v2\/media?parent=506"}],"curies":[{"name":"wp","href":"https:\/\/api.w.org\/{rel}","templated":true}]}}